{"id":45412,"date":"2025-03-10T05:54:55","date_gmt":"2025-03-10T05:54:55","guid":{"rendered":"https:\/\/egerot.com\/product\/er1906\/"},"modified":"2025-03-10T05:54:55","modified_gmt":"2025-03-10T05:54:55","slug":"er1906","status":"publish","type":"product","link":"https:\/\/egerot.com\/tr\/product\/er1906\/","title":{"rendered":"ER1906"},"content":{"rendered":"<p><strong>T\u00fcp:  \u00d8: <\/strong> \u00d830 <\/p>\n<p><strong>Konik:  \u00d8S\/\u00d8B (mm): <\/strong> 23,5\/26 <\/p>\n<p><strong>Uzunluk:  (mm): <\/strong> 145mm <\/p>\n","protected":false},"excerpt":{"rendered":"<p>\u00d8: \u00d830 \u00d8S\/\u00d8B (mm): 23,5\/26 (mm): 145mm<\/p>\n","protected":false},"featured_media":0,"comment_status":"closed","ping_status":"open","template":"","meta":{"_acf_changed":false},"marka":[20560],"model":[30422],"referans-numarasi":[30423],"uretici":[62052],"product_brand":[],"product_cat":[23442],"product_tag":[],"class_list":{"0":"post-45412","1":"product","2":"type-product","3":"status-publish","5":"marka-egerot-tr","6":"model-k94-l94-n94-114-124-bus-k94-n94-114-124-irizar-pb-tr","7":"referans-numarasi-488739-tr","8":"uretici-null-tr","9":"product_cat-stabilizator","11":"first","12":"instock","13":"product-type-simple"},"acf":[],"_links":{"self":[{"href":"https:\/\/egerot.com\/tr\/wp-json\/wp\/v2\/product\/45412","targetHints":{"allow":["GET"]}}],"collection":[{"href":"https:\/\/egerot.com\/tr\/wp-json\/wp\/v2\/product"}],"about":[{"href":"https:\/\/egerot.com\/tr\/wp-json\/wp\/v2\/types\/product"}],"replies":[{"embeddable":true,"href":"https:\/\/egerot.com\/tr\/wp-json\/wp\/v2\/comments?post=45412"}],"wp:attachment":[{"href":"https:\/\/egerot.com\/tr\/wp-json\/wp\/v2\/media?parent=45412"}],"wp:term":[{"taxonomy":"marka","embeddable":true,"href":"https:\/\/egerot.com\/tr\/wp-json\/wp\/v2\/marka?post=45412"},{"taxonomy":"model","embeddable":true,"href":"https:\/\/egerot.com\/tr\/wp-json\/wp\/v2\/model?post=45412"},{"taxonomy":"referans-numarasi","embeddable":true,"href":"https:\/\/egerot.com\/tr\/wp-json\/wp\/v2\/referans-numarasi?post=45412"},{"taxonomy":"uretici","embeddable":true,"href":"https:\/\/egerot.com\/tr\/wp-json\/wp\/v2\/uretici?post=45412"},{"taxonomy":"product_brand","embeddable":true,"href":"https:\/\/egerot.com\/tr\/wp-json\/wp\/v2\/product_brand?post=45412"},{"taxonomy":"product_cat","embeddable":true,"href":"https:\/\/egerot.com\/tr\/wp-json\/wp\/v2\/product_cat?post=45412"},{"taxonomy":"product_tag","embeddable":true,"href":"https:\/\/egerot.com\/tr\/wp-json\/wp\/v2\/product_tag?post=45412"}],"curies":[{"name":"wp","href":"https:\/\/api.w.org\/{rel}","templated":true}]}}