{"id":46532,"date":"2025-03-10T05:44:41","date_gmt":"2025-03-10T05:44:41","guid":{"rendered":"https:\/\/egerot.com\/product\/er1536\/"},"modified":"2025-03-10T05:44:41","modified_gmt":"2025-03-10T05:44:41","slug":"er1536","status":"publish","type":"product","link":"https:\/\/egerot.com\/tr\/product\/er1536\/","title":{"rendered":"ER1536"},"content":{"rendered":"<p><strong>T\u00fcp:  \u00d8: <\/strong> \u00d836 <\/p>\n<p><strong>Konik:  \u00d8S\/\u00d8B (mm): <\/strong> 28\/32 <\/p>\n<p><strong>Uzunluk:  (mm): <\/strong> 435mm <\/p>\n","protected":false},"excerpt":{"rendered":"<p>\u00d8: \u00d836 \u00d8S\/\u00d8B (mm): 28\/32 (mm): 435mm<\/p>\n","protected":false},"featured_media":0,"comment_status":"closed","ping_status":"open","template":"","meta":{"_acf_changed":false},"marka":[20560],"model":[31298,33430,31299,31300,33431,31301,33432,33433,33434],"referans-numarasi":[33435,33436,33437,33438,33439,26859],"uretici":[62052],"product_brand":[],"product_cat":[23442],"product_tag":[],"class_list":{"0":"post-46532","1":"product","2":"type-product","3":"status-publish","5":"marka-egerot-tr","6":"model-fh-tr","7":"model-fh-ii-tr","8":"model-fh12-tr","9":"model-fh16-tr","10":"model-fh16-ii-tr","11":"model-fm-tr","12":"model-fm-12-tr","13":"model-fmx-tr","14":"model-fmx-ii-tr","15":"referans-numarasi-21119046-tr","16":"referans-numarasi-21119050-tr","17":"referans-numarasi-21119064-tr","18":"referans-numarasi-21182236-tr","19":"referans-numarasi-21182237-tr","20":"referans-numarasi-21287061-tr","21":"uretici-null-tr","22":"product_cat-stabilizator","24":"first","25":"instock","26":"product-type-simple"},"acf":[],"_links":{"self":[{"href":"https:\/\/egerot.com\/tr\/wp-json\/wp\/v2\/product\/46532","targetHints":{"allow":["GET"]}}],"collection":[{"href":"https:\/\/egerot.com\/tr\/wp-json\/wp\/v2\/product"}],"about":[{"href":"https:\/\/egerot.com\/tr\/wp-json\/wp\/v2\/types\/product"}],"replies":[{"embeddable":true,"href":"https:\/\/egerot.com\/tr\/wp-json\/wp\/v2\/comments?post=46532"}],"wp:attachment":[{"href":"https:\/\/egerot.com\/tr\/wp-json\/wp\/v2\/media?parent=46532"}],"wp:term":[{"taxonomy":"marka","embeddable":true,"href":"https:\/\/egerot.com\/tr\/wp-json\/wp\/v2\/marka?post=46532"},{"taxonomy":"model","embeddable":true,"href":"https:\/\/egerot.com\/tr\/wp-json\/wp\/v2\/model?post=46532"},{"taxonomy":"referans-numarasi","embeddable":true,"href":"https:\/\/egerot.com\/tr\/wp-json\/wp\/v2\/referans-numarasi?post=46532"},{"taxonomy":"uretici","embeddable":true,"href":"https:\/\/egerot.com\/tr\/wp-json\/wp\/v2\/uretici?post=46532"},{"taxonomy":"product_brand","embeddable":true,"href":"https:\/\/egerot.com\/tr\/wp-json\/wp\/v2\/product_brand?post=46532"},{"taxonomy":"product_cat","embeddable":true,"href":"https:\/\/egerot.com\/tr\/wp-json\/wp\/v2\/product_cat?post=46532"},{"taxonomy":"product_tag","embeddable":true,"href":"https:\/\/egerot.com\/tr\/wp-json\/wp\/v2\/product_tag?post=46532"}],"curies":[{"name":"wp","href":"https:\/\/api.w.org\/{rel}","templated":true}]}}