{"id":46972,"date":"2025-03-10T05:40:42","date_gmt":"2025-03-10T05:40:42","guid":{"rendered":"https:\/\/egerot.com\/product\/er1414\/"},"modified":"2025-03-10T05:40:42","modified_gmt":"2025-03-10T05:40:42","slug":"er1414","status":"publish","type":"product","link":"https:\/\/egerot.com\/tr\/product\/er1414\/","title":{"rendered":"ER1414"},"content":{"rendered":"<p><strong>Di\u015f \u00d6l\u00e7\u00fcs\u00fc: :  <\/strong> M48x1.5 LHT <\/p>\n<p><strong>Konik:  \u00d8S\/\u00d8B (mm): <\/strong> 130\/30 <\/p>\n<p><strong> : <\/strong> \u00d819 <\/p>\n<p><strong>Uzunluk:  (mm): <\/strong> 205 mm <\/p>\n","protected":false},"excerpt":{"rendered":"<p>: M48x1.5 LHT \u00d8S\/\u00d8B (mm): 130\/30 : \u00d819 (mm): 205 mm<\/p>\n","protected":false},"featured_media":0,"comment_status":"closed","ping_status":"open","template":"","meta":{"_acf_changed":false},"marka":[20560],"model":[62051],"referans-numarasi":[34450,34451],"uretici":[62052],"product_brand":[],"product_cat":[22138],"product_tag":[],"class_list":{"0":"post-46972","1":"product","2":"type-product","3":"status-publish","5":"marka-egerot-tr","6":"model-null-tr","7":"referans-numarasi-570816108-tr","8":"referans-numarasi-a102851-tr","9":"uretici-null-tr","10":"product_cat-rot-basi","12":"first","13":"instock","14":"product-type-simple"},"acf":[],"_links":{"self":[{"href":"https:\/\/egerot.com\/tr\/wp-json\/wp\/v2\/product\/46972","targetHints":{"allow":["GET"]}}],"collection":[{"href":"https:\/\/egerot.com\/tr\/wp-json\/wp\/v2\/product"}],"about":[{"href":"https:\/\/egerot.com\/tr\/wp-json\/wp\/v2\/types\/product"}],"replies":[{"embeddable":true,"href":"https:\/\/egerot.com\/tr\/wp-json\/wp\/v2\/comments?post=46972"}],"wp:attachment":[{"href":"https:\/\/egerot.com\/tr\/wp-json\/wp\/v2\/media?parent=46972"}],"wp:term":[{"taxonomy":"marka","embeddable":true,"href":"https:\/\/egerot.com\/tr\/wp-json\/wp\/v2\/marka?post=46972"},{"taxonomy":"model","embeddable":true,"href":"https:\/\/egerot.com\/tr\/wp-json\/wp\/v2\/model?post=46972"},{"taxonomy":"referans-numarasi","embeddable":true,"href":"https:\/\/egerot.com\/tr\/wp-json\/wp\/v2\/referans-numarasi?post=46972"},{"taxonomy":"uretici","embeddable":true,"href":"https:\/\/egerot.com\/tr\/wp-json\/wp\/v2\/uretici?post=46972"},{"taxonomy":"product_brand","embeddable":true,"href":"https:\/\/egerot.com\/tr\/wp-json\/wp\/v2\/product_brand?post=46972"},{"taxonomy":"product_cat","embeddable":true,"href":"https:\/\/egerot.com\/tr\/wp-json\/wp\/v2\/product_cat?post=46972"},{"taxonomy":"product_tag","embeddable":true,"href":"https:\/\/egerot.com\/tr\/wp-json\/wp\/v2\/product_tag?post=46972"}],"curies":[{"name":"wp","href":"https:\/\/api.w.org\/{rel}","templated":true}]}}