{"id":47883,"date":"2025-03-10T05:31:53","date_gmt":"2025-03-10T05:31:53","guid":{"rendered":"https:\/\/egerot.com\/product\/er1162\/"},"modified":"2025-03-10T05:31:53","modified_gmt":"2025-03-10T05:31:53","slug":"er1162","status":"publish","type":"product","link":"https:\/\/egerot.com\/tr\/product\/er1162\/","title":{"rendered":"ER1162"},"content":{"rendered":"<p><strong>Di\u015f \u00d6l\u00e7\u00fcs\u00fc: :  <\/strong> M26x1.5 RHT <\/p>\n<p><strong>Konik:  \u00d8S\/\u00d8B (mm): <\/strong> 34,3\/38 <\/p>\n<p><strong>Uzunluk:  (mm): <\/strong> 85mm <\/p>\n","protected":false},"excerpt":{"rendered":"<p>: M26x1.5 RHT \u00d8S\/\u00d8B (mm): 34,3\/38 (mm): 85mm<\/p>\n","protected":false},"featured_media":0,"comment_status":"closed","ping_status":"open","template":"","meta":{"_acf_changed":false},"marka":[20560],"model":[36696,27321],"referans-numarasi":[36697,36698,36699,36700,36701,36702,36703,36704,36705,36706,36707],"uretici":[62052],"product_brand":[],"product_cat":[22138],"product_tag":[],"class_list":{"0":"post-47883","1":"product","2":"type-product","3":"status-publish","5":"marka-egerot-tr","6":"model-3025-3028-3228-3235-3328-3528-3535-tr","7":"model-euro-trakker-tr","8":"referans-numarasi-0223712-tr","9":"referans-numarasi-1361618-tr","10":"referans-numarasi-1605300131-tr","11":"referans-numarasi-206899-7-tr","12":"referans-numarasi-36438240-tr","13":"referans-numarasi-42105474-tr","14":"referans-numarasi-42532294-tr","15":"referans-numarasi-6244600348-tr","16":"referans-numarasi-634203870-tr","17":"referans-numarasi-81953016231-tr","18":"referans-numarasi-82953010009-tr","19":"uretici-null-tr","20":"product_cat-rot-basi","22":"first","23":"instock","24":"product-type-simple"},"acf":[],"_links":{"self":[{"href":"https:\/\/egerot.com\/tr\/wp-json\/wp\/v2\/product\/47883","targetHints":{"allow":["GET"]}}],"collection":[{"href":"https:\/\/egerot.com\/tr\/wp-json\/wp\/v2\/product"}],"about":[{"href":"https:\/\/egerot.com\/tr\/wp-json\/wp\/v2\/types\/product"}],"replies":[{"embeddable":true,"href":"https:\/\/egerot.com\/tr\/wp-json\/wp\/v2\/comments?post=47883"}],"wp:attachment":[{"href":"https:\/\/egerot.com\/tr\/wp-json\/wp\/v2\/media?parent=47883"}],"wp:term":[{"taxonomy":"marka","embeddable":true,"href":"https:\/\/egerot.com\/tr\/wp-json\/wp\/v2\/marka?post=47883"},{"taxonomy":"model","embeddable":true,"href":"https:\/\/egerot.com\/tr\/wp-json\/wp\/v2\/model?post=47883"},{"taxonomy":"referans-numarasi","embeddable":true,"href":"https:\/\/egerot.com\/tr\/wp-json\/wp\/v2\/referans-numarasi?post=47883"},{"taxonomy":"uretici","embeddable":true,"href":"https:\/\/egerot.com\/tr\/wp-json\/wp\/v2\/uretici?post=47883"},{"taxonomy":"product_brand","embeddable":true,"href":"https:\/\/egerot.com\/tr\/wp-json\/wp\/v2\/product_brand?post=47883"},{"taxonomy":"product_cat","embeddable":true,"href":"https:\/\/egerot.com\/tr\/wp-json\/wp\/v2\/product_cat?post=47883"},{"taxonomy":"product_tag","embeddable":true,"href":"https:\/\/egerot.com\/tr\/wp-json\/wp\/v2\/product_tag?post=47883"}],"curies":[{"name":"wp","href":"https:\/\/api.w.org\/{rel}","templated":true}]}}