{"id":47968,"date":"2025-03-10T05:31:12","date_gmt":"2025-03-10T05:31:12","guid":{"rendered":"https:\/\/egerot.com\/product\/er1145\/"},"modified":"2025-03-10T05:31:12","modified_gmt":"2025-03-10T05:31:12","slug":"er1145","status":"publish","type":"product","link":"https:\/\/egerot.com\/tr\/product\/er1145\/","title":{"rendered":"ER1145"},"content":{"rendered":"<p><strong>Di\u015f \u00d6l\u00e7\u00fcs\u00fc: :  <\/strong> M24x1.5 RHT <\/p>\n<p><strong>Konik:  \u00d8S\/\u00d8B (mm): <\/strong> 27,1\/30 <\/p>\n<p><strong>Uzunluk:  (mm): <\/strong> 95mm <\/p>\n","protected":false},"excerpt":{"rendered":"<p>: M24x1.5 RHT \u00d8S\/\u00d8B (mm): 27,1\/30 (mm): 95mm<\/p>\n","protected":false},"featured_media":0,"comment_status":"closed","ping_status":"open","template":"","meta":{"_acf_changed":false},"marka":[20560],"model":[36937,31926],"referans-numarasi":[36938,36939,36940,36941,36942,36943,36944,36945,36946,36947,36948,36949,36950,36951,36952,36953,36954,36955,36956,36957,36958,36959,36960,36961,36962],"uretici":[62052],"product_brand":[],"product_cat":[22138],"product_tag":[],"class_list":{"0":"post-47968","1":"product","2":"type-product","3":"status-publish","5":"marka-egerot-tr","6":"model-g-260-24-290-24-manager-premium-tr","7":"model-lf-55-tr","8":"referans-numarasi-00553498-tr","9":"referans-numarasi-0553498-tr","10":"referans-numarasi-0817824-tr","11":"referans-numarasi-09281792-tr","12":"referans-numarasi-1124019-tr","13":"referans-numarasi-1124113-tr","14":"referans-numarasi-120164610-tr","15":"referans-numarasi-1605300062-tr","16":"referans-numarasi-1605300063-tr","17":"referans-numarasi-1622238-tr","18":"referans-numarasi-216671-tr","19":"referans-numarasi-24475440-tr","20":"referans-numarasi-2997179m10004600650-tr","21":"referans-numarasi-5000792132-tr","22":"referans-numarasi-5810116029-tr","23":"referans-numarasi-7250510-tr","24":"referans-numarasi-725051008-tr","25":"referans-numarasi-7485114029-tr","26":"referans-numarasi-817824-tr","27":"referans-numarasi-82953010001-tr","28":"referans-numarasi-82953010011-tr","29":"referans-numarasi-8408188-tr","30":"referans-numarasi-8475969-tr","31":"referans-numarasi-9281792-tr","32":"referans-numarasi-99707030430-tr","33":"uretici-null-tr","34":"product_cat-rot-basi","36":"first","37":"instock","38":"product-type-simple"},"acf":[],"_links":{"self":[{"href":"https:\/\/egerot.com\/tr\/wp-json\/wp\/v2\/product\/47968","targetHints":{"allow":["GET"]}}],"collection":[{"href":"https:\/\/egerot.com\/tr\/wp-json\/wp\/v2\/product"}],"about":[{"href":"https:\/\/egerot.com\/tr\/wp-json\/wp\/v2\/types\/product"}],"replies":[{"embeddable":true,"href":"https:\/\/egerot.com\/tr\/wp-json\/wp\/v2\/comments?post=47968"}],"wp:attachment":[{"href":"https:\/\/egerot.com\/tr\/wp-json\/wp\/v2\/media?parent=47968"}],"wp:term":[{"taxonomy":"marka","embeddable":true,"href":"https:\/\/egerot.com\/tr\/wp-json\/wp\/v2\/marka?post=47968"},{"taxonomy":"model","embeddable":true,"href":"https:\/\/egerot.com\/tr\/wp-json\/wp\/v2\/model?post=47968"},{"taxonomy":"referans-numarasi","embeddable":true,"href":"https:\/\/egerot.com\/tr\/wp-json\/wp\/v2\/referans-numarasi?post=47968"},{"taxonomy":"uretici","embeddable":true,"href":"https:\/\/egerot.com\/tr\/wp-json\/wp\/v2\/uretici?post=47968"},{"taxonomy":"product_brand","embeddable":true,"href":"https:\/\/egerot.com\/tr\/wp-json\/wp\/v2\/product_brand?post=47968"},{"taxonomy":"product_cat","embeddable":true,"href":"https:\/\/egerot.com\/tr\/wp-json\/wp\/v2\/product_cat?post=47968"},{"taxonomy":"product_tag","embeddable":true,"href":"https:\/\/egerot.com\/tr\/wp-json\/wp\/v2\/product_tag?post=47968"}],"curies":[{"name":"wp","href":"https:\/\/api.w.org\/{rel}","templated":true}]}}