{"id":48613,"date":"2025-03-10T05:25:16","date_gmt":"2025-03-10T05:25:16","guid":{"rendered":"https:\/\/egerot.com\/product\/er0974\/"},"modified":"2025-03-10T05:25:16","modified_gmt":"2025-03-10T05:25:16","slug":"er0974","status":"publish","type":"product","link":"https:\/\/egerot.com\/tr\/product\/er0974\/","title":{"rendered":"ER0974"},"content":{"rendered":"<p><strong>Di\u015f \u00d6l\u00e7\u00fcs\u00fc: :  <\/strong> M38x1.5 RHT <\/p>\n<p><strong>Konik:  \u00d8S\/\u00d8B (mm): <\/strong> 34,3\/38 <\/p>\n<p><strong>Uzunluk:  (mm): <\/strong> 135mm <\/p>\n","protected":false},"excerpt":{"rendered":"<p>: M38x1.5 RHT \u00d8S\/\u00d8B (mm): 34,3\/38 (mm): 135mm<\/p>\n","protected":false},"featured_media":0,"comment_status":"closed","ping_status":"open","template":"","meta":{"_acf_changed":false},"marka":[20560],"model":[38780,19834],"referans-numarasi":[38781,38782,38783,38784,38785,38786,38787,38788,38789,38790,38791,38792,38793,38794,38795],"uretici":[62052],"product_brand":[],"product_cat":[22138],"product_tag":[],"class_list":{"0":"post-48613","1":"product","2":"type-product","3":"status-publish","5":"marka-egerot-tr","6":"model-actros-mp2-mp3-atego-axor-2-ng-sk-zetros-1833-2733-tr","7":"model-fh16-euro-6-650-700-750-tr","8":"referans-numarasi-0004601748-tr","9":"referans-numarasi-01686516-tr","10":"referans-numarasi-0218081300-tr","11":"referans-numarasi-0697221-tr","12":"referans-numarasi-122169000-tr","13":"referans-numarasi-2205000400-tr","14":"referans-numarasi-5605300511-tr","15":"referans-numarasi-634303130-tr","16":"referans-numarasi-6851491000-tr","17":"referans-numarasi-81953016295-tr","18":"referans-numarasi-81953016297-tr","19":"referans-numarasi-8408377-tr","20":"referans-numarasi-99707030168-tr","21":"referans-numarasi-99708408377-tr","22":"referans-numarasi-99991139557253244-tr","23":"uretici-null-tr","24":"product_cat-rot-basi","26":"first","27":"instock","28":"product-type-simple"},"acf":[],"_links":{"self":[{"href":"https:\/\/egerot.com\/tr\/wp-json\/wp\/v2\/product\/48613","targetHints":{"allow":["GET"]}}],"collection":[{"href":"https:\/\/egerot.com\/tr\/wp-json\/wp\/v2\/product"}],"about":[{"href":"https:\/\/egerot.com\/tr\/wp-json\/wp\/v2\/types\/product"}],"replies":[{"embeddable":true,"href":"https:\/\/egerot.com\/tr\/wp-json\/wp\/v2\/comments?post=48613"}],"wp:attachment":[{"href":"https:\/\/egerot.com\/tr\/wp-json\/wp\/v2\/media?parent=48613"}],"wp:term":[{"taxonomy":"marka","embeddable":true,"href":"https:\/\/egerot.com\/tr\/wp-json\/wp\/v2\/marka?post=48613"},{"taxonomy":"model","embeddable":true,"href":"https:\/\/egerot.com\/tr\/wp-json\/wp\/v2\/model?post=48613"},{"taxonomy":"referans-numarasi","embeddable":true,"href":"https:\/\/egerot.com\/tr\/wp-json\/wp\/v2\/referans-numarasi?post=48613"},{"taxonomy":"uretici","embeddable":true,"href":"https:\/\/egerot.com\/tr\/wp-json\/wp\/v2\/uretici?post=48613"},{"taxonomy":"product_brand","embeddable":true,"href":"https:\/\/egerot.com\/tr\/wp-json\/wp\/v2\/product_brand?post=48613"},{"taxonomy":"product_cat","embeddable":true,"href":"https:\/\/egerot.com\/tr\/wp-json\/wp\/v2\/product_cat?post=48613"},{"taxonomy":"product_tag","embeddable":true,"href":"https:\/\/egerot.com\/tr\/wp-json\/wp\/v2\/product_tag?post=48613"}],"curies":[{"name":"wp","href":"https:\/\/api.w.org\/{rel}","templated":true}]}}