{"id":48773,"date":"2025-03-10T05:23:48","date_gmt":"2025-03-10T05:23:48","guid":{"rendered":"https:\/\/egerot.com\/product\/er0942\/"},"modified":"2025-03-10T05:23:48","modified_gmt":"2025-03-10T05:23:48","slug":"er0942","status":"publish","type":"product","link":"https:\/\/egerot.com\/tr\/product\/er0942\/","title":{"rendered":"ER0942"},"content":{"rendered":"<p><strong>Di\u015f \u00d6l\u00e7\u00fcs\u00fc: :  <\/strong> M26x1.5 RHT <\/p>\n<p><strong>Konik:  \u00d8S\/\u00d8B (mm): <\/strong> 27,1\/30 <\/p>\n<p><strong>Uzunluk:  (mm): <\/strong> 90mm <\/p>\n","protected":false},"excerpt":{"rendered":"<p>: M26x1.5 RHT \u00d8S\/\u00d8B (mm): 27,1\/30 (mm): 90mm<\/p>\n","protected":false},"featured_media":0,"comment_status":"closed","ping_status":"open","template":"","meta":{"_acf_changed":false},"marka":[20560],"model":[27855,26392,39315,27857,39316],"referans-numarasi":[39317,39318,39319,39320,39321,39322,39323,39324,39325,39326,39327],"uretici":[62052],"product_brand":[],"product_cat":[22138],"product_tag":[],"class_list":{"0":"post-48773","1":"product","2":"type-product","3":"status-publish","5":"marka-egerot-tr","6":"model-g-tr","7":"model-k-tr","8":"model-n-city-wide-irizar-pb-centtury-omniexpres-omnilink-4-series-4-series-bus-p-tr","9":"model-r-tr","10":"model-t-series-touring-setra-series-400-tr","11":"referans-numarasi-0014606948-tr","12":"referans-numarasi-1394444-tr","13":"referans-numarasi-2653488-tr","14":"referans-numarasi-42533101-tr","15":"referans-numarasi-5001849880-tr","16":"referans-numarasi-81953016281-tr","17":"referans-numarasi-81953016337-tr","18":"referans-numarasi-81953016398-tr","19":"referans-numarasi-81953016404-tr","20":"referans-numarasi-82953016016-tr","21":"referans-numarasi-a0014606948-tr","22":"uretici-null-tr","23":"product_cat-rot-basi","25":"first","26":"instock","27":"product-type-simple"},"acf":[],"_links":{"self":[{"href":"https:\/\/egerot.com\/tr\/wp-json\/wp\/v2\/product\/48773","targetHints":{"allow":["GET"]}}],"collection":[{"href":"https:\/\/egerot.com\/tr\/wp-json\/wp\/v2\/product"}],"about":[{"href":"https:\/\/egerot.com\/tr\/wp-json\/wp\/v2\/types\/product"}],"replies":[{"embeddable":true,"href":"https:\/\/egerot.com\/tr\/wp-json\/wp\/v2\/comments?post=48773"}],"wp:attachment":[{"href":"https:\/\/egerot.com\/tr\/wp-json\/wp\/v2\/media?parent=48773"}],"wp:term":[{"taxonomy":"marka","embeddable":true,"href":"https:\/\/egerot.com\/tr\/wp-json\/wp\/v2\/marka?post=48773"},{"taxonomy":"model","embeddable":true,"href":"https:\/\/egerot.com\/tr\/wp-json\/wp\/v2\/model?post=48773"},{"taxonomy":"referans-numarasi","embeddable":true,"href":"https:\/\/egerot.com\/tr\/wp-json\/wp\/v2\/referans-numarasi?post=48773"},{"taxonomy":"uretici","embeddable":true,"href":"https:\/\/egerot.com\/tr\/wp-json\/wp\/v2\/uretici?post=48773"},{"taxonomy":"product_brand","embeddable":true,"href":"https:\/\/egerot.com\/tr\/wp-json\/wp\/v2\/product_brand?post=48773"},{"taxonomy":"product_cat","embeddable":true,"href":"https:\/\/egerot.com\/tr\/wp-json\/wp\/v2\/product_cat?post=48773"},{"taxonomy":"product_tag","embeddable":true,"href":"https:\/\/egerot.com\/tr\/wp-json\/wp\/v2\/product_tag?post=48773"}],"curies":[{"name":"wp","href":"https:\/\/api.w.org\/{rel}","templated":true}]}}