{"id":48778,"date":"2025-03-10T05:23:48","date_gmt":"2025-03-10T05:23:48","guid":{"rendered":"https:\/\/egerot.com\/product\/er0943\/"},"modified":"2025-03-10T05:23:48","modified_gmt":"2025-03-10T05:23:48","slug":"er0943","status":"publish","type":"product","link":"https:\/\/egerot.com\/tr\/product\/er0943\/","title":{"rendered":"ER0943"},"content":{"rendered":"<p><strong>Di\u015f \u00d6l\u00e7\u00fcs\u00fc: :  <\/strong> M26x1.5 RHT <\/p>\n<p><strong>Konik:  \u00d8S\/\u00d8B (mm): <\/strong> 27,1\/30 <\/p>\n<p><strong>Uzunluk:  (mm): <\/strong> 80mm <\/p>\n","protected":false},"excerpt":{"rendered":"<p>: M26x1.5 RHT \u00d8S\/\u00d8B (mm): 27,1\/30 (mm): 80mm<\/p>\n","protected":false},"featured_media":0,"comment_status":"closed","ping_status":"open","template":"","meta":{"_acf_changed":false},"marka":[20560],"model":[39268,31262,39269],"referans-numarasi":[34561,39270,39271,39272,39273,39274,39275],"uretici":[62052],"product_brand":[],"product_cat":[22138],"product_tag":[],"class_list":{"0":"post-48778","1":"product","2":"type-product","3":"status-publish","5":"marka-egerot-tr","6":"model-4-series-114c-g-l-144c-g-l-124c-g-l-64c-l-94c-d-g-l-pgrt-series-tr","7":"model-e2000-f2000-f90-tr","8":"model-eurostar-ld240-eurotec-mh260-mp240-tr","9":"referans-numarasi-1394446-tr","10":"referans-numarasi-42533102-tr","11":"referans-numarasi-81953016219-tr","12":"referans-numarasi-81953016225-tr","13":"referans-numarasi-81953016226-tr","14":"referans-numarasi-81953016267-tr","15":"referans-numarasi-81953016291-tr","16":"uretici-null-tr","17":"product_cat-rot-basi","19":"first","20":"instock","21":"product-type-simple"},"acf":[],"_links":{"self":[{"href":"https:\/\/egerot.com\/tr\/wp-json\/wp\/v2\/product\/48778","targetHints":{"allow":["GET"]}}],"collection":[{"href":"https:\/\/egerot.com\/tr\/wp-json\/wp\/v2\/product"}],"about":[{"href":"https:\/\/egerot.com\/tr\/wp-json\/wp\/v2\/types\/product"}],"replies":[{"embeddable":true,"href":"https:\/\/egerot.com\/tr\/wp-json\/wp\/v2\/comments?post=48778"}],"wp:attachment":[{"href":"https:\/\/egerot.com\/tr\/wp-json\/wp\/v2\/media?parent=48778"}],"wp:term":[{"taxonomy":"marka","embeddable":true,"href":"https:\/\/egerot.com\/tr\/wp-json\/wp\/v2\/marka?post=48778"},{"taxonomy":"model","embeddable":true,"href":"https:\/\/egerot.com\/tr\/wp-json\/wp\/v2\/model?post=48778"},{"taxonomy":"referans-numarasi","embeddable":true,"href":"https:\/\/egerot.com\/tr\/wp-json\/wp\/v2\/referans-numarasi?post=48778"},{"taxonomy":"uretici","embeddable":true,"href":"https:\/\/egerot.com\/tr\/wp-json\/wp\/v2\/uretici?post=48778"},{"taxonomy":"product_brand","embeddable":true,"href":"https:\/\/egerot.com\/tr\/wp-json\/wp\/v2\/product_brand?post=48778"},{"taxonomy":"product_cat","embeddable":true,"href":"https:\/\/egerot.com\/tr\/wp-json\/wp\/v2\/product_cat?post=48778"},{"taxonomy":"product_tag","embeddable":true,"href":"https:\/\/egerot.com\/tr\/wp-json\/wp\/v2\/product_tag?post=48778"}],"curies":[{"name":"wp","href":"https:\/\/api.w.org\/{rel}","templated":true}]}}