{"id":49068,"date":"2025-03-10T05:20:57","date_gmt":"2025-03-10T05:20:57","guid":{"rendered":"https:\/\/egerot.com\/product\/er0856\/"},"modified":"2025-03-10T05:20:57","modified_gmt":"2025-03-10T05:20:57","slug":"er0856","status":"publish","type":"product","link":"https:\/\/egerot.com\/tr\/product\/er0856\/","title":{"rendered":"ER0856"},"content":{"rendered":"<p><strong>Di\u015f \u00d6l\u00e7\u00fcs\u00fc: :  <\/strong> M30x1.5 RHT <\/p>\n<p><strong>Konik:  \u00d8S\/\u00d8B (mm): <\/strong> 27,1\/30 <\/p>\n<p><strong>Uzunluk:  (mm): <\/strong> 135mm <\/p>\n","protected":false},"excerpt":{"rendered":"<p>: M30x1.5 RHT \u00d8S\/\u00d8B (mm): 27,1\/30 (mm): 135mm<\/p>\n","protected":false},"featured_media":0,"comment_status":"closed","ping_status":"open","template":"","meta":{"_acf_changed":false},"marka":[20560],"model":[40174,40175,39897],"referans-numarasi":[40176,40177,40178,40179,40180,40181,40182,40183,40184,40185,40186,40187,40188,40189,40190,40191],"uretici":[62052],"product_brand":[],"product_cat":[22138],"product_tag":[],"class_list":{"0":"post-49068","1":"product","2":"type-product","3":"status-publish","5":"marka-egerot-tr","6":"model-f-2100-f2300-f2500-f2700-f2800-f3300-f3600-tr","7":"model-man-tr","8":"model-scania-tr","9":"referans-numarasi-0352646-tr","10":"referans-numarasi-0586714-tr","11":"referans-numarasi-0607073-tr","12":"referans-numarasi-0609634-tr","13":"referans-numarasi-0609643-tr","14":"referans-numarasi-0696226-tr","15":"referans-numarasi-1228110-tr","16":"referans-numarasi-1326861-tr","17":"referans-numarasi-1337367-tr","18":"referans-numarasi-352646-tr","19":"referans-numarasi-586714-tr","20":"referans-numarasi-607073-tr","21":"referans-numarasi-609634-tr","22":"referans-numarasi-609643-tr","23":"referans-numarasi-696226-tr","24":"referans-numarasi-81953010022-tr","25":"uretici-null-tr","26":"product_cat-rot-basi","28":"first","29":"instock","30":"product-type-simple"},"acf":[],"_links":{"self":[{"href":"https:\/\/egerot.com\/tr\/wp-json\/wp\/v2\/product\/49068","targetHints":{"allow":["GET"]}}],"collection":[{"href":"https:\/\/egerot.com\/tr\/wp-json\/wp\/v2\/product"}],"about":[{"href":"https:\/\/egerot.com\/tr\/wp-json\/wp\/v2\/types\/product"}],"replies":[{"embeddable":true,"href":"https:\/\/egerot.com\/tr\/wp-json\/wp\/v2\/comments?post=49068"}],"wp:attachment":[{"href":"https:\/\/egerot.com\/tr\/wp-json\/wp\/v2\/media?parent=49068"}],"wp:term":[{"taxonomy":"marka","embeddable":true,"href":"https:\/\/egerot.com\/tr\/wp-json\/wp\/v2\/marka?post=49068"},{"taxonomy":"model","embeddable":true,"href":"https:\/\/egerot.com\/tr\/wp-json\/wp\/v2\/model?post=49068"},{"taxonomy":"referans-numarasi","embeddable":true,"href":"https:\/\/egerot.com\/tr\/wp-json\/wp\/v2\/referans-numarasi?post=49068"},{"taxonomy":"uretici","embeddable":true,"href":"https:\/\/egerot.com\/tr\/wp-json\/wp\/v2\/uretici?post=49068"},{"taxonomy":"product_brand","embeddable":true,"href":"https:\/\/egerot.com\/tr\/wp-json\/wp\/v2\/product_brand?post=49068"},{"taxonomy":"product_cat","embeddable":true,"href":"https:\/\/egerot.com\/tr\/wp-json\/wp\/v2\/product_cat?post=49068"},{"taxonomy":"product_tag","embeddable":true,"href":"https:\/\/egerot.com\/tr\/wp-json\/wp\/v2\/product_tag?post=49068"}],"curies":[{"name":"wp","href":"https:\/\/api.w.org\/{rel}","templated":true}]}}