{"id":49428,"date":"2025-03-10T05:17:45","date_gmt":"2025-03-10T05:17:45","guid":{"rendered":"https:\/\/egerot.com\/product\/er0767\/"},"modified":"2025-03-10T05:17:45","modified_gmt":"2025-03-10T05:17:45","slug":"er0767","status":"publish","type":"product","link":"https:\/\/egerot.com\/tr\/product\/er0767\/","title":{"rendered":"ER0767"},"content":{"rendered":"<p><strong>T\u00fcp:  \u00d8: <\/strong> \u00d840 <\/p>\n<p><strong>Konik:  \u00d8S\/\u00d8B (mm): <\/strong> 23,5\/26 <\/p>\n<p><strong>Uzunluk:  (mm): <\/strong> 380mm <\/p>\n","protected":false},"excerpt":{"rendered":"<p>\u00d8: \u00d840 \u00d8S\/\u00d8B (mm): 23,5\/26 (mm): 380mm<\/p>\n","protected":false},"featured_media":0,"comment_status":"closed","ping_status":"open","template":"","meta":{"_acf_changed":false},"marka":[20560],"model":[19834],"referans-numarasi":[40716,40717,40718,40719],"uretici":[62052],"product_brand":[],"product_cat":[23442],"product_tag":[],"class_list":{"0":"post-49428","1":"product","2":"type-product","3":"status-publish","5":"marka-egerot-tr","6":"model-fh16-euro-6-650-700-750-tr","7":"referans-numarasi-8226137000-tr","8":"referans-numarasi-8226147000c-tr","9":"referans-numarasi-8226305000c-tr","10":"referans-numarasi-8226313000c-tr","11":"uretici-null-tr","12":"product_cat-stabilizator","14":"first","15":"instock","16":"product-type-simple"},"acf":[],"_links":{"self":[{"href":"https:\/\/egerot.com\/tr\/wp-json\/wp\/v2\/product\/49428","targetHints":{"allow":["GET"]}}],"collection":[{"href":"https:\/\/egerot.com\/tr\/wp-json\/wp\/v2\/product"}],"about":[{"href":"https:\/\/egerot.com\/tr\/wp-json\/wp\/v2\/types\/product"}],"replies":[{"embeddable":true,"href":"https:\/\/egerot.com\/tr\/wp-json\/wp\/v2\/comments?post=49428"}],"wp:attachment":[{"href":"https:\/\/egerot.com\/tr\/wp-json\/wp\/v2\/media?parent=49428"}],"wp:term":[{"taxonomy":"marka","embeddable":true,"href":"https:\/\/egerot.com\/tr\/wp-json\/wp\/v2\/marka?post=49428"},{"taxonomy":"model","embeddable":true,"href":"https:\/\/egerot.com\/tr\/wp-json\/wp\/v2\/model?post=49428"},{"taxonomy":"referans-numarasi","embeddable":true,"href":"https:\/\/egerot.com\/tr\/wp-json\/wp\/v2\/referans-numarasi?post=49428"},{"taxonomy":"uretici","embeddable":true,"href":"https:\/\/egerot.com\/tr\/wp-json\/wp\/v2\/uretici?post=49428"},{"taxonomy":"product_brand","embeddable":true,"href":"https:\/\/egerot.com\/tr\/wp-json\/wp\/v2\/product_brand?post=49428"},{"taxonomy":"product_cat","embeddable":true,"href":"https:\/\/egerot.com\/tr\/wp-json\/wp\/v2\/product_cat?post=49428"},{"taxonomy":"product_tag","embeddable":true,"href":"https:\/\/egerot.com\/tr\/wp-json\/wp\/v2\/product_tag?post=49428"}],"curies":[{"name":"wp","href":"https:\/\/api.w.org\/{rel}","templated":true}]}}