{"id":49707,"date":"2025-03-10T05:14:51","date_gmt":"2025-03-10T05:14:51","guid":{"rendered":"https:\/\/egerot.com\/product\/er0571\/"},"modified":"2025-03-10T05:14:51","modified_gmt":"2025-03-10T05:14:51","slug":"er0571","status":"publish","type":"product","link":"https:\/\/egerot.com\/tr\/product\/er0571\/","title":{"rendered":"ER0571"},"content":{"rendered":"<p><strong>Di\u015f \u00d6l\u00e7\u00fcs\u00fc: :  <\/strong> \u00d843 &#8211; TPI -12 RHT <\/p>\n<p><strong>Konik:  \u00d8S\/\u00d8B (mm): <\/strong> 25,38\/28,55 <\/p>\n<p><strong>Uzunluk:  (mm): <\/strong> 155mm <\/p>\n","protected":false},"excerpt":{"rendered":"<p>: \u00d843 &#8211; TPI -12 RHT \u00d8S\/\u00d8B (mm): 25,38\/28,55 (mm): 155mm<\/p>\n","protected":false},"featured_media":0,"comment_status":"closed","ping_status":"open","template":"","meta":{"_acf_changed":false},"marka":[20560],"model":[42012,42013,42014,42015,42016,42017,42018,42019,42020,42021,42022,42023,42024,42025,42026,42027,42028],"referans-numarasi":[42041,42042,42043],"uretici":[62052],"product_brand":[],"product_cat":[22138],"product_tag":[],"class_list":{"0":"post-49707","1":"product","2":"type-product","3":"status-publish","5":"marka-egerot-tr","6":"model-60-series-tr","7":"model-bmc-fatih-tr","8":"model-boxer-tr","9":"model-buffalo-tr","10":"model-bx1425-1600-tr","11":"model-chieftain-tr","12":"model-clydesdale-tr","13":"model-constructor-6-8-series-tr","14":"model-cruiser-tr","15":"model-freighter-tr","16":"model-leyland-bison-tr","17":"model-marathon-tr","18":"model-mastiff-tr","19":"model-octopus-tr","20":"model-reiver-tr","21":"model-reliance-lynx-tr","22":"model-roadtrain-tr","23":"referans-numarasi-6k13312-tr","24":"referans-numarasi-eax1458-tr","25":"referans-numarasi-pax1459-tr","26":"uretici-null-tr","27":"product_cat-rot-basi","29":"first","30":"instock","31":"product-type-simple"},"acf":[],"_links":{"self":[{"href":"https:\/\/egerot.com\/tr\/wp-json\/wp\/v2\/product\/49707","targetHints":{"allow":["GET"]}}],"collection":[{"href":"https:\/\/egerot.com\/tr\/wp-json\/wp\/v2\/product"}],"about":[{"href":"https:\/\/egerot.com\/tr\/wp-json\/wp\/v2\/types\/product"}],"replies":[{"embeddable":true,"href":"https:\/\/egerot.com\/tr\/wp-json\/wp\/v2\/comments?post=49707"}],"wp:attachment":[{"href":"https:\/\/egerot.com\/tr\/wp-json\/wp\/v2\/media?parent=49707"}],"wp:term":[{"taxonomy":"marka","embeddable":true,"href":"https:\/\/egerot.com\/tr\/wp-json\/wp\/v2\/marka?post=49707"},{"taxonomy":"model","embeddable":true,"href":"https:\/\/egerot.com\/tr\/wp-json\/wp\/v2\/model?post=49707"},{"taxonomy":"referans-numarasi","embeddable":true,"href":"https:\/\/egerot.com\/tr\/wp-json\/wp\/v2\/referans-numarasi?post=49707"},{"taxonomy":"uretici","embeddable":true,"href":"https:\/\/egerot.com\/tr\/wp-json\/wp\/v2\/uretici?post=49707"},{"taxonomy":"product_brand","embeddable":true,"href":"https:\/\/egerot.com\/tr\/wp-json\/wp\/v2\/product_brand?post=49707"},{"taxonomy":"product_cat","embeddable":true,"href":"https:\/\/egerot.com\/tr\/wp-json\/wp\/v2\/product_cat?post=49707"},{"taxonomy":"product_tag","embeddable":true,"href":"https:\/\/egerot.com\/tr\/wp-json\/wp\/v2\/product_tag?post=49707"}],"curies":[{"name":"wp","href":"https:\/\/api.w.org\/{rel}","templated":true}]}}