{"id":50267,"date":"2025-03-10T05:09:37","date_gmt":"2025-03-10T05:09:37","guid":{"rendered":"https:\/\/egerot.com\/product\/er0354\/"},"modified":"2025-03-10T05:09:37","modified_gmt":"2025-03-10T05:09:37","slug":"er0354","status":"publish","type":"product","link":"https:\/\/egerot.com\/tr\/product\/er0354\/","title":{"rendered":"ER0354"},"content":{"rendered":"<p><strong>Di\u015f \u00d6l\u00e7\u00fcs\u00fc: :  <\/strong> M38x1.5 LHT <\/p>\n<p><strong>Konik:  \u00d8S\/\u00d8B (mm): <\/strong> 27,1\/30 <\/p>\n<p><strong>Uzunluk:  (mm): <\/strong> 125mm <\/p>\n","protected":false},"excerpt":{"rendered":"<p>: M38x1.5 LHT \u00d8S\/\u00d8B (mm): 27,1\/30 (mm): 125mm<\/p>\n","protected":false},"featured_media":0,"comment_status":"closed","ping_status":"open","template":"","meta":{"_acf_changed":false},"marka":[20560],"model":[43295,43296],"referans-numarasi":[43297,43298,43299],"uretici":[62052],"product_brand":[],"product_cat":[22138],"product_tag":[],"class_list":{"0":"post-50267","1":"product","2":"type-product","3":"status-publish","5":"marka-egerot-tr","6":"model-m-165-24r-165-24t-175-24t-175-24-tr","7":"model-manager-g-200-210-230-270-280-300-330-340-maxter-g-230-260-270-300-340-midliner-m-140-150-160-180-200-210-230-250-tr","8":"referans-numarasi-0003401206-tr","9":"referans-numarasi-4688949-tr","10":"referans-numarasi-5001832579-tr","11":"uretici-null-tr","12":"product_cat-rot-basi","14":"first","15":"instock","16":"product-type-simple"},"acf":[],"_links":{"self":[{"href":"https:\/\/egerot.com\/tr\/wp-json\/wp\/v2\/product\/50267","targetHints":{"allow":["GET"]}}],"collection":[{"href":"https:\/\/egerot.com\/tr\/wp-json\/wp\/v2\/product"}],"about":[{"href":"https:\/\/egerot.com\/tr\/wp-json\/wp\/v2\/types\/product"}],"replies":[{"embeddable":true,"href":"https:\/\/egerot.com\/tr\/wp-json\/wp\/v2\/comments?post=50267"}],"wp:attachment":[{"href":"https:\/\/egerot.com\/tr\/wp-json\/wp\/v2\/media?parent=50267"}],"wp:term":[{"taxonomy":"marka","embeddable":true,"href":"https:\/\/egerot.com\/tr\/wp-json\/wp\/v2\/marka?post=50267"},{"taxonomy":"model","embeddable":true,"href":"https:\/\/egerot.com\/tr\/wp-json\/wp\/v2\/model?post=50267"},{"taxonomy":"referans-numarasi","embeddable":true,"href":"https:\/\/egerot.com\/tr\/wp-json\/wp\/v2\/referans-numarasi?post=50267"},{"taxonomy":"uretici","embeddable":true,"href":"https:\/\/egerot.com\/tr\/wp-json\/wp\/v2\/uretici?post=50267"},{"taxonomy":"product_brand","embeddable":true,"href":"https:\/\/egerot.com\/tr\/wp-json\/wp\/v2\/product_brand?post=50267"},{"taxonomy":"product_cat","embeddable":true,"href":"https:\/\/egerot.com\/tr\/wp-json\/wp\/v2\/product_cat?post=50267"},{"taxonomy":"product_tag","embeddable":true,"href":"https:\/\/egerot.com\/tr\/wp-json\/wp\/v2\/product_tag?post=50267"}],"curies":[{"name":"wp","href":"https:\/\/api.w.org\/{rel}","templated":true}]}}