{"id":50512,"date":"2025-03-10T05:06:53","date_gmt":"2025-03-10T05:06:53","guid":{"rendered":"https:\/\/egerot.com\/product\/er0285\/"},"modified":"2025-03-10T05:06:53","modified_gmt":"2025-03-10T05:06:53","slug":"er0285","status":"publish","type":"product","link":"https:\/\/egerot.com\/tr\/product\/er0285\/","title":{"rendered":"ER0285"},"content":{"rendered":"<p><strong>T\u00fcp:  \u00d8: <\/strong> \u00d830 <\/p>\n<p><strong>Konik:  \u00d8S\/\u00d8B (mm): <\/strong> 19,9\/22 <\/p>\n<p><strong>Uzunluk:  (mm): <\/strong> 325mm <\/p>\n","protected":false},"excerpt":{"rendered":"<p>\u00d8: \u00d830 \u00d8S\/\u00d8B (mm): 19,9\/22 (mm): 325mm<\/p>\n","protected":false},"featured_media":0,"comment_status":"closed","ping_status":"open","template":"","meta":{"_acf_changed":false},"marka":[20560],"model":[43533],"referans-numarasi":[43906,43907],"uretici":[62052],"product_brand":[],"product_cat":[23442],"product_tag":[],"class_list":{"0":"post-50512","1":"product","2":"type-product","3":"status-publish","5":"marka-egerot-tr","6":"model-fh-12-340-12-380-12-420-12-460-fh-16-520-tr","7":"referans-numarasi-1629668-tr","8":"referans-numarasi-20477805-tr","9":"uretici-null-tr","10":"product_cat-stabilizator","12":"first","13":"instock","14":"product-type-simple"},"acf":[],"_links":{"self":[{"href":"https:\/\/egerot.com\/tr\/wp-json\/wp\/v2\/product\/50512","targetHints":{"allow":["GET"]}}],"collection":[{"href":"https:\/\/egerot.com\/tr\/wp-json\/wp\/v2\/product"}],"about":[{"href":"https:\/\/egerot.com\/tr\/wp-json\/wp\/v2\/types\/product"}],"replies":[{"embeddable":true,"href":"https:\/\/egerot.com\/tr\/wp-json\/wp\/v2\/comments?post=50512"}],"wp:attachment":[{"href":"https:\/\/egerot.com\/tr\/wp-json\/wp\/v2\/media?parent=50512"}],"wp:term":[{"taxonomy":"marka","embeddable":true,"href":"https:\/\/egerot.com\/tr\/wp-json\/wp\/v2\/marka?post=50512"},{"taxonomy":"model","embeddable":true,"href":"https:\/\/egerot.com\/tr\/wp-json\/wp\/v2\/model?post=50512"},{"taxonomy":"referans-numarasi","embeddable":true,"href":"https:\/\/egerot.com\/tr\/wp-json\/wp\/v2\/referans-numarasi?post=50512"},{"taxonomy":"uretici","embeddable":true,"href":"https:\/\/egerot.com\/tr\/wp-json\/wp\/v2\/uretici?post=50512"},{"taxonomy":"product_brand","embeddable":true,"href":"https:\/\/egerot.com\/tr\/wp-json\/wp\/v2\/product_brand?post=50512"},{"taxonomy":"product_cat","embeddable":true,"href":"https:\/\/egerot.com\/tr\/wp-json\/wp\/v2\/product_cat?post=50512"},{"taxonomy":"product_tag","embeddable":true,"href":"https:\/\/egerot.com\/tr\/wp-json\/wp\/v2\/product_tag?post=50512"}],"curies":[{"name":"wp","href":"https:\/\/api.w.org\/{rel}","templated":true}]}}