{"id":51237,"date":"2025-03-10T04:59:30","date_gmt":"2025-03-10T04:59:30","guid":{"rendered":"https:\/\/egerot.com\/product\/er0117\/"},"modified":"2025-03-10T04:59:30","modified_gmt":"2025-03-10T04:59:30","slug":"er0117","status":"publish","type":"product","link":"https:\/\/egerot.com\/tr\/product\/er0117\/","title":{"rendered":"ER0117"},"content":{"rendered":"<p><strong>Di\u015f \u00d6l\u00e7\u00fcs\u00fc: :  <\/strong> M24x1.5 LHT <\/p>\n<p><strong>Konik:  \u00d8S\/\u00d8B (mm): <\/strong> 16,2\/18 <\/p>\n<p><strong>Uzunluk:  (mm): <\/strong> 100mm <\/p>\n","protected":false},"excerpt":{"rendered":"<p>: M24x1.5 LHT \u00d8S\/\u00d8B (mm): 16,2\/18 (mm): 100mm<\/p>\n","protected":false},"featured_media":0,"comment_status":"closed","ping_status":"open","template":"","meta":{"_acf_changed":false},"marka":[20560],"model":[45404],"referans-numarasi":[46565],"uretici":[62052],"product_brand":[],"product_cat":[22138],"product_tag":[],"class_list":{"0":"post-51237","1":"product","2":"type-product","3":"status-publish","5":"marka-egerot-tr","6":"model-lp-tr","7":"referans-numarasi-3301135-tr","8":"uretici-null-tr","9":"product_cat-rot-basi","11":"first","12":"instock","13":"product-type-simple"},"acf":[],"_links":{"self":[{"href":"https:\/\/egerot.com\/tr\/wp-json\/wp\/v2\/product\/51237","targetHints":{"allow":["GET"]}}],"collection":[{"href":"https:\/\/egerot.com\/tr\/wp-json\/wp\/v2\/product"}],"about":[{"href":"https:\/\/egerot.com\/tr\/wp-json\/wp\/v2\/types\/product"}],"replies":[{"embeddable":true,"href":"https:\/\/egerot.com\/tr\/wp-json\/wp\/v2\/comments?post=51237"}],"wp:attachment":[{"href":"https:\/\/egerot.com\/tr\/wp-json\/wp\/v2\/media?parent=51237"}],"wp:term":[{"taxonomy":"marka","embeddable":true,"href":"https:\/\/egerot.com\/tr\/wp-json\/wp\/v2\/marka?post=51237"},{"taxonomy":"model","embeddable":true,"href":"https:\/\/egerot.com\/tr\/wp-json\/wp\/v2\/model?post=51237"},{"taxonomy":"referans-numarasi","embeddable":true,"href":"https:\/\/egerot.com\/tr\/wp-json\/wp\/v2\/referans-numarasi?post=51237"},{"taxonomy":"uretici","embeddable":true,"href":"https:\/\/egerot.com\/tr\/wp-json\/wp\/v2\/uretici?post=51237"},{"taxonomy":"product_brand","embeddable":true,"href":"https:\/\/egerot.com\/tr\/wp-json\/wp\/v2\/product_brand?post=51237"},{"taxonomy":"product_cat","embeddable":true,"href":"https:\/\/egerot.com\/tr\/wp-json\/wp\/v2\/product_cat?post=51237"},{"taxonomy":"product_tag","embeddable":true,"href":"https:\/\/egerot.com\/tr\/wp-json\/wp\/v2\/product_tag?post=51237"}],"curies":[{"name":"wp","href":"https:\/\/api.w.org\/{rel}","templated":true}]}}