{"id":52910,"date":"2025-03-10T04:55:50","date_gmt":"2025-03-10T04:55:50","guid":{"rendered":"https:\/\/egerot.com\/product\/er0003\/"},"modified":"2025-05-12T10:24:23","modified_gmt":"2025-05-12T10:24:23","slug":"er0003","status":"publish","type":"product","link":"https:\/\/egerot.com\/tr\/product\/er0003\/","title":{"rendered":"ER0003"},"content":{"rendered":"<p><strong>Di\u015f \u00d6l\u00e7\u00fcs\u00fc: : <\/strong> M30x1.5 RHT<\/p>\n<p><strong>Konik:  \u00d8S\/\u00d8B (mm): <\/strong> 27,1\/30<\/p>\n<p><strong>Uzunluk:  (mm): <\/strong> 125mm<\/p>\n","protected":false},"excerpt":{"rendered":"<p>: M30x1.5 RHT \u00d8S\/\u00d8B (mm): 27,1\/30 (mm): 125mm<\/p>\n","protected":false},"featured_media":52911,"comment_status":"closed","ping_status":"closed","template":"","meta":{"_acf_changed":false},"marka":[20560],"model":[66447,66448,66449,49548,42898,64707,66450,66451,66453,66454,66455,47820,34224,29202,66456,49553],"referans-numarasi":[66457,66460,66461,66463,66466,66467,66470,66471,66474,66475,66478,66479,66482,66483,66486,66487,66490,66491,66494,66495,66498,66499,66501,66504,66505,66508,66509,66512,66513,66516,66517,66520,66521,66524,66525,66528,66529,66532,66533,66536,66537,66388,66389,66540,66541,66544,66545,66548,66390,66549,66552,66393,66553,66556,66557,66558,66559,66560,66561,66562,66563,66564,66565,66566,66567,66568,66569,66570,66571,66572,66573,66575,66576,66577,66578,66579,66580,66581,66582,66583,66585,66586,66587,66588,66589,66590,66591,66592,66593,66594,66595,66596,66597,66598,66599,66600,66601,66602,66603,66604,66605,66606,66607,66622,66608,66621,66609,66620,66610,66619,66611,66618,66612,66617,66613,66616,66614,66615],"uretici":[15238,25747,15623,18670,29571,16497,15626,15629,34231,15115,23342,19522,20098,17030,15634],"product_brand":[],"product_cat":[22138],"product_tag":[],"class_list":{"0":"post-52910","1":"product","2":"type-product","3":"status-publish","4":"has-post-thumbnail","6":"marka-egerot-tr","7":"model-112-113-114-124-143-144-93-t143-t93-tr","8":"model-112-h-112-m-113-e-113-h-113-m-114-c-114-g-114-l-124-c-124-g-124-l-143-e-143-h-143-m-144-c-144-g-144-m-93-h-93-m-t-113-t-143-t-93-tr","9":"model-actros-1996-actros-2003-atego-axor-econic-lk-ln2-mk-ng-o-403-o-404-o-405-sk-unimog-tr","10":"model-avenue-tr","11":"model-cargo-2114-2217-2524d-2524-ds-2530-2530-ds-3230-tr","12":"model-doruk-215t-215le-230dg-tr","13":"model-f1600-1700-1800-1900-2000-2100-fa2000-2105-65-75-85-95-tr","14":"model-f1600-1700-1800-1900-2000-2100-fa2000-2105-65-75-85-96-tr","15":"model-f2000-f90-lion-s-m2000-m90-ng-nl-nm-nu-sg-sl-sl-ii-sr-su-ul-tga-tr","16":"model-latin-amerika-tr","17":"model-m165-24-175-24-turbostar-190-33-190-36-190-42-190-48-turbotech-190-26-190-32-190-36-220-36-240-36-tr","18":"model-menarini-201-l-tr","19":"model-safari-tr","20":"model-setra-tr","21":"model-transliner-n-316-tr","22":"model-van-hool-tr","23":"referans-numarasi-0003305248-tr","24":"referans-numarasi-0003387310-tr","25":"referans-numarasi-0003406169-tr","26":"referans-numarasi-0003406236-tr","27":"referans-numarasi-0003406251-tr","28":"referans-numarasi-0003406254-tr","29":"referans-numarasi-0003406260-tr","30":"referans-numarasi-0003406261-tr","31":"referans-numarasi-0004600348-tr","32":"referans-numarasi-0004602848-tr","33":"referans-numarasi-0004602948-tr","34":"referans-numarasi-0004605235-tr","35":"referans-numarasi-0004608948-tr","36":"referans-numarasi-0014600248-tr","37":"referans-numarasi-0014600848-tr","38":"referans-numarasi-0014601248-tr","39":"referans-numarasi-0014601848-tr","40":"referans-numarasi-0014602248-tr","41":"referans-numarasi-0014605448-tr","42":"referans-numarasi-0014607748-tr","43":"referans-numarasi-0024600148-tr","44":"referans-numarasi-0501211835-tr","45":"referans-numarasi-0607981-tr","46":"referans-numarasi-0698450-tr","47":"referans-numarasi-0801211835-tr","48":"referans-numarasi-0820352140-tr","49":"referans-numarasi-11019659-tr","50":"referans-numarasi-1149907-tr","51":"referans-numarasi-1152350-tr","52":"referans-numarasi-120325000-tr","53":"referans-numarasi-122353202-tr","54":"referans-numarasi-1257890-tr","55":"referans-numarasi-14013769-tr","56":"referans-numarasi-1603789-tr","57":"referans-numarasi-1605300183-tr","58":"referans-numarasi-1605300184-tr","59":"referans-numarasi-1618048-tr","60":"referans-numarasi-16h0007006aa-tr","61":"referans-numarasi-16h0007014aa-tr","62":"referans-numarasi-1738381-tr","63":"referans-numarasi-1767328-tr","64":"referans-numarasi-1899667-tr","65":"referans-numarasi-1914427-tr","66":"referans-numarasi-20350395-tr","67":"referans-numarasi-20742127-tr","68":"referans-numarasi-20745043-tr","69":"referans-numarasi-20821160-tr","70":"referans-numarasi-20862494-tr","71":"referans-numarasi-283784-tr","72":"referans-numarasi-2966252-tr","73":"referans-numarasi-2969808-tr","74":"referans-numarasi-395010-tr","75":"referans-numarasi-42483386-tr","76":"referans-numarasi-42488269-tr","77":"referans-numarasi-42489573-tr","78":"referans-numarasi-42489594-tr","79":"referans-numarasi-42491638-tr","80":"referans-numarasi-42537936-tr","81":"referans-numarasi-430r11377-tr","82":"referans-numarasi-4802443-tr","83":"referans-numarasi-4833829-tr","84":"referans-numarasi-5000240688-tr","85":"referans-numarasi-5000242475-tr","86":"referans-numarasi-5000242479-tr","87":"referans-numarasi-5000242485-tr","88":"referans-numarasi-5000253852-tr","89":"referans-numarasi-5000288360-tr","90":"referans-numarasi-5000590236-tr","91":"referans-numarasi-5000804824-tr","92":"referans-numarasi-5000819349-tr","93":"referans-numarasi-5001836298-tr","94":"referans-numarasi-5001858760-tr","95":"referans-numarasi-5001858773-tr","96":"referans-numarasi-5004206-tr","97":"referans-numarasi-5010832582-tr","98":"referans-numarasi-571866608-tr","99":"referans-numarasi-634301250-tr","100":"referans-numarasi-6851475000-tr","101":"referans-numarasi-6851480000-tr","102":"referans-numarasi-6851484000-tr","103":"referans-numarasi-6851531000-tr","104":"referans-numarasi-7420894052-tr","105":"referans-numarasi-7701011412-tr","106":"referans-numarasi-8122752-tr","107":"referans-numarasi-81953010016-tr","108":"referans-numarasi-81953010084-tr","109":"referans-numarasi-81953010088-tr","110":"referans-numarasi-81953016048-tr","111":"referans-numarasi-81953016049-tr","112":"referans-numarasi-81953016053-tr","113":"referans-numarasi-81953016090-tr","114":"referans-numarasi-81953016108-tr","115":"referans-numarasi-81953016112-tr","116":"referans-numarasi-81953016126-tr","117":"referans-numarasi-81953016143-tr","118":"referans-numarasi-81953016149-tr","119":"referans-numarasi-81953016154-tr","120":"referans-numarasi-81953016156-tr","121":"referans-numarasi-81953016178-tr","122":"referans-numarasi-81953016194-tr","123":"referans-numarasi-81953016206-tr","124":"referans-numarasi-81953016224-tr","125":"referans-numarasi-81953016234-2","126":"referans-numarasi-81953016242-2","127":"referans-numarasi-81953016252-2","128":"referans-numarasi-81953016274-2","129":"referans-numarasi-81953016278-2","130":"referans-numarasi-81953016308-2","131":"referans-numarasi-81953016350-2","132":"referans-numarasi-81db3289ca-2","133":"referans-numarasi-8226236059-2","134":"referans-numarasi-9p914836-2","135":"referans-numarasi-9p917205-2","136":"referans-numarasi-achf060-2","137":"referans-numarasi-n1011020300-2","138":"referans-numarasi-nk26410102y-2","139":"referans-numarasi-tc299000202-01y-2","140":"referans-numarasi-tc29900020201y-2","141":"uretici-bmc-tr","142":"uretici-bredamenarinibus-tr","143":"uretici-evobus-tr","144":"uretici-ford-tr","145":"uretici-ikarus-tr","146":"uretici-isuzu-tr","147":"uretici-kassbohrer-tr","148":"uretici-liebherr-tr","149":"uretici-mitsubishi-tr","150":"uretici-neoplan-tr","151":"uretici-otokar-tr","152":"uretici-sisu-tr","153":"uretici-solaris-tr","154":"uretici-temsa-tr","155":"uretici-van-hool-tr","156":"product_cat-rot-basi","158":"first","159":"instock","160":"shipping-taxable","161":"product-type-simple"},"acf":[],"_links":{"self":[{"href":"https:\/\/egerot.com\/tr\/wp-json\/wp\/v2\/product\/52910","targetHints":{"allow":["GET"]}}],"collection":[{"href":"https:\/\/egerot.com\/tr\/wp-json\/wp\/v2\/product"}],"about":[{"href":"https:\/\/egerot.com\/tr\/wp-json\/wp\/v2\/types\/product"}],"replies":[{"embeddable":true,"href":"https:\/\/egerot.com\/tr\/wp-json\/wp\/v2\/comments?post=52910"}],"wp:featuredmedia":[{"embeddable":true,"href":"https:\/\/egerot.com\/tr\/wp-json\/wp\/v2\/media\/52911"}],"wp:attachment":[{"href":"https:\/\/egerot.com\/tr\/wp-json\/wp\/v2\/media?parent=52910"}],"wp:term":[{"taxonomy":"marka","embeddable":true,"href":"https:\/\/egerot.com\/tr\/wp-json\/wp\/v2\/marka?post=52910"},{"taxonomy":"model","embeddable":true,"href":"https:\/\/egerot.com\/tr\/wp-json\/wp\/v2\/model?post=52910"},{"taxonomy":"referans-numarasi","embeddable":true,"href":"https:\/\/egerot.com\/tr\/wp-json\/wp\/v2\/referans-numarasi?post=52910"},{"taxonomy":"uretici","embeddable":true,"href":"https:\/\/egerot.com\/tr\/wp-json\/wp\/v2\/uretici?post=52910"},{"taxonomy":"product_brand","embeddable":true,"href":"https:\/\/egerot.com\/tr\/wp-json\/wp\/v2\/product_brand?post=52910"},{"taxonomy":"product_cat","embeddable":true,"href":"https:\/\/egerot.com\/tr\/wp-json\/wp\/v2\/product_cat?post=52910"},{"taxonomy":"product_tag","embeddable":true,"href":"https:\/\/egerot.com\/tr\/wp-json\/wp\/v2\/product_tag?post=52910"}],"curies":[{"name":"wp","href":"https:\/\/api.w.org\/{rel}","templated":true}]}}